{"id":5189,"date":"2025-01-02T17:06:20","date_gmt":"2025-01-02T17:06:20","guid":{"rendered":"https:\/\/deathreapers.com\/?post_type=product&#038;p=5189"},"modified":"2025-11-05T19:43:06","modified_gmt":"2025-11-05T19:43:06","slug":"t-shirt-wear-your-leather-proud","status":"publish","type":"product","link":"https:\/\/shop.deathreapers.com\/pl\/produkt\/t-shirt-wear-your-leather-proud\/","title":{"rendered":"T-shirt &#8211; Wear Your Leather Proud"},"content":{"rendered":"<p>Nowa koszulka ze wzorem \u201eWear Your Leather Proud\u201d!<\/p>\n<p>Materia\u0142:<br \/>\n100% bawe\u0142na, single jersey<\/p>\n<p>Gramatura:<br \/>\n150 g\/m\u00b2<\/p>\n<p>&nbsp;<\/p>\n<p><strong>Informacje dotycz\u0105ce prania:<\/strong><\/p>\n<p>Aby utrzyma\u0107 na d\u0142ugo trwa\u0142y nadruk, zalecamy pranie koszulki na lewo w temperaturze max 40 stopni C przy wirowaniu do 1000 obr\/min. Prasowanie miejsca nadruku jest mo\u017cliwe wy\u0142\u0105cznie \"na lewo\". Nie suszy\u0107 mechanicznie.<\/p>","protected":false},"excerpt":{"rendered":"<p>New T-shirt with &#8220;Wear Your Leather Proud&#8221; desing! Material: 100% cotton, single jersey Weight: 150 g\/m\u00b2 &nbsp; Washing instructions: To maintain the durability of the print, we recommend washing the T-shirt inside out at a maximum temperature of 40\u00b0C with a spin cycle of up to 1000 RPM. Iron the print area only inside out. [&hellip;]<\/p>\n","protected":false},"featured_media":5791,"comment_status":"open","ping_status":"closed","template":"","meta":{"_uag_custom_page_level_css":"","site-sidebar-layout":"default","site-content-layout":"","ast-site-content-layout":"default","site-content-style":"default","site-sidebar-style":"default","ast-global-header-display":"","ast-banner-title-visibility":"","ast-main-header-display":"","ast-hfb-above-header-display":"","ast-hfb-below-header-display":"","ast-hfb-mobile-header-display":"","site-post-title":"","ast-breadcrumbs-content":"","ast-featured-img":"","footer-sml-layout":"","theme-transparent-header-meta":"default","adv-header-id-meta":"","stick-header-meta":"","header-above-stick-meta":"","header-main-stick-meta":"","header-below-stick-meta":"","astra-migrate-meta-layouts":"set","ast-page-background-enabled":"default","ast-page-background-meta":{"desktop":{"background-color":"","background-image":"","background-repeat":"repeat","background-position":"center center","background-size":"auto","background-attachment":"scroll","background-type":"","background-media":"","overlay-type":"","overlay-color":"","overlay-opacity":"","overlay-gradient":""},"tablet":{"background-color":"","background-image":"","background-repeat":"repeat","background-position":"center center","background-size":"auto","background-attachment":"scroll","background-type":"","background-media":"","overlay-type":"","overlay-color":"","overlay-opacity":"","overlay-gradient":""},"mobile":{"background-color":"","background-image":"","background-repeat":"repeat","background-position":"center center","background-size":"auto","background-attachment":"scroll","background-type":"","background-media":"","overlay-type":"","overlay-color":"","overlay-opacity":"","overlay-gradient":""}},"ast-content-background-meta":{"desktop":{"background-color":"var(--ast-global-color-5)","background-image":"","background-repeat":"repeat","background-position":"center center","background-size":"auto","background-attachment":"scroll","background-type":"","background-media":"","overlay-type":"","overlay-color":"","overlay-opacity":"","overlay-gradient":""},"tablet":{"background-color":"var(--ast-global-color-5)","background-image":"","background-repeat":"repeat","background-position":"center center","background-size":"auto","background-attachment":"scroll","background-type":"","background-media":"","overlay-type":"","overlay-color":"","overlay-opacity":"","overlay-gradient":""},"mobile":{"background-color":"var(--ast-global-color-5)","background-image":"","background-repeat":"repeat","background-position":"center center","background-size":"auto","background-attachment":"scroll","background-type":"","background-media":"","overlay-type":"","overlay-color":"","overlay-opacity":"","overlay-gradient":""}}},"product_brand":[],"product_cat":[44,30],"product_tag":[],"class_list":{"0":"post-5189","1":"product","2":"type-product","3":"status-publish","4":"has-post-thumbnail","6":"product_cat-all-products","7":"product_cat-t-shirts","8":"desktop-align-center","9":"tablet-align-center","10":"mobile-align-center","12":"first","13":"instock","14":"shipping-taxable","15":"purchasable","16":"product-type-variable"},"uagb_featured_image_src":{"full":["https:\/\/shop.deathreapers.com\/wp-content\/uploads\/2025\/01\/wylp-przod-tyl.png",1500,1500,false],"thumbnail":["https:\/\/shop.deathreapers.com\/wp-content\/uploads\/2025\/01\/wylp-przod-tyl-150x150.png",150,150,true],"medium":["https:\/\/shop.deathreapers.com\/wp-content\/uploads\/2025\/01\/wylp-przod-tyl-300x300.png",300,300,true],"medium_large":["https:\/\/shop.deathreapers.com\/wp-content\/uploads\/2025\/01\/wylp-przod-tyl-768x768.png",768,768,true],"large":["https:\/\/shop.deathreapers.com\/wp-content\/uploads\/2025\/01\/wylp-przod-tyl-1024x1024.png",1024,1024,true],"1536x1536":["https:\/\/shop.deathreapers.com\/wp-content\/uploads\/2025\/01\/wylp-przod-tyl.png",1500,1500,false],"2048x2048":["https:\/\/shop.deathreapers.com\/wp-content\/uploads\/2025\/01\/wylp-przod-tyl.png",1500,1500,false],"trp-custom-language-flag":["https:\/\/shop.deathreapers.com\/wp-content\/uploads\/2025\/01\/wylp-przod-tyl-12x12.png",12,12,true],"woocommerce_thumbnail":["https:\/\/shop.deathreapers.com\/wp-content\/uploads\/2025\/01\/wylp-przod-tyl-300x300.png",300,300,true],"woocommerce_single":["https:\/\/shop.deathreapers.com\/wp-content\/uploads\/2025\/01\/wylp-przod-tyl-600x600.png",600,600,true],"woocommerce_gallery_thumbnail":["https:\/\/shop.deathreapers.com\/wp-content\/uploads\/2025\/01\/wylp-przod-tyl-100x100.png",100,100,true]},"uagb_author_info":{"display_name":"ss_administrator","author_link":"https:\/\/shop.deathreapers.com\/pl\/author\/"},"uagb_comment_info":4,"uagb_excerpt":"New T-shirt with &#8220;Wear Your Leather Proud&#8221; desing! Material: 100% cotton, single jersey Weight: 150 g\/m\u00b2 &nbsp; Washing instructions: To maintain the durability of the print, we recommend washing the T-shirt inside out at a maximum temperature of 40\u00b0C with a spin cycle of up to 1000 RPM. Iron the print area only inside out.&hellip;","jetpack_sharing_enabled":true,"_links":{"self":[{"href":"https:\/\/shop.deathreapers.com\/pl\/wp-json\/wp\/v2\/product\/5189","targetHints":{"allow":["GET"]}}],"collection":[{"href":"https:\/\/shop.deathreapers.com\/pl\/wp-json\/wp\/v2\/product"}],"about":[{"href":"https:\/\/shop.deathreapers.com\/pl\/wp-json\/wp\/v2\/types\/product"}],"replies":[{"embeddable":true,"href":"https:\/\/shop.deathreapers.com\/pl\/wp-json\/wp\/v2\/comments?post=5189"}],"wp:featuredmedia":[{"embeddable":true,"href":"https:\/\/shop.deathreapers.com\/pl\/wp-json\/wp\/v2\/media\/5791"}],"wp:attachment":[{"href":"https:\/\/shop.deathreapers.com\/pl\/wp-json\/wp\/v2\/media?parent=5189"}],"wp:term":[{"taxonomy":"product_brand","embeddable":true,"href":"https:\/\/shop.deathreapers.com\/pl\/wp-json\/wp\/v2\/product_brand?post=5189"},{"taxonomy":"product_cat","embeddable":true,"href":"https:\/\/shop.deathreapers.com\/pl\/wp-json\/wp\/v2\/product_cat?post=5189"},{"taxonomy":"product_tag","embeddable":true,"href":"https:\/\/shop.deathreapers.com\/pl\/wp-json\/wp\/v2\/product_tag?post=5189"}],"curies":[{"name":"wp","href":"https:\/\/api.w.org\/{rel}","templated":true}]}}