{"id":5839,"date":"2025-03-04T20:58:12","date_gmt":"2025-03-04T20:58:12","guid":{"rendered":"https:\/\/deathreapers.com\/?post_type=product&#038;p=5839"},"modified":"2025-09-30T12:30:21","modified_gmt":"2025-09-30T12:30:21","slug":"pre-order-death-reapers-thirst-for-chaos-cd-t-shirt","status":"publish","type":"product","link":"https:\/\/shop.deathreapers.com\/pl\/produkt\/pre-order-death-reapers-thirst-for-chaos-cd-t-shirt\/","title":{"rendered":"Death Reapers &#8211; Thirst For Chaos CD + T-shirt"},"content":{"rendered":"<p>P\u0142yta zawiera 10 utwor\u00f3w, ksi\u0105\u017ceczk\u0119 z tekstami oraz zdj\u0119ciami, oraz autografy cz\u0142onk\u00f3w zespo\u0142u.<br \/>\nThis set includes a T-shirt worth 80z\u0142 and a CD worth 40z\u0142, available at a special price of 110z\u0142, valid until the album release date (June 13, 2025)!<\/p>\n<p>Materia\u0142:<br \/>\n100% bawe\u0142na<\/p>\n<p>Gramatura:<br \/>\n190 g\/m\u00b2<\/p>\n<p><strong>Informacje dotycz\u0105ce prania:<\/strong><\/p>\n<p>Aby utrzyma\u0107 na d\u0142ugo trwa\u0142y nadruk, zalecamy pranie koszulki na lewo w temperaturze max 40 stopni C przy wirowaniu do 1000 obr\/min. Prasowanie miejsca nadruku jest mo\u017cliwe wy\u0142\u0105cznie \"na lewo\". Nie suszy\u0107 mechanicznie.<\/p>\n<p>&nbsp;<\/p>","protected":false},"excerpt":{"rendered":"<p>The album includes 10 tracks, a booklet with lyrics and photos, and autographs from the band members. This set includes a T-shirt worth 80z\u0142 and a CD worth 40z\u0142, available at a special price of 110z\u0142, valid until the album release date (June 13, 2025)! Material: 100% cotton Weight: 190 g\/m\u00b2 Washing instructions: To maintain [&hellip;]<\/p>\n","protected":false},"featured_media":5992,"comment_status":"open","ping_status":"closed","template":"","meta":{"_uag_custom_page_level_css":"","site-sidebar-layout":"default","site-content-layout":"","ast-site-content-layout":"default","site-content-style":"default","site-sidebar-style":"default","ast-global-header-display":"","ast-banner-title-visibility":"","ast-main-header-display":"","ast-hfb-above-header-display":"","ast-hfb-below-header-display":"","ast-hfb-mobile-header-display":"","site-post-title":"","ast-breadcrumbs-content":"","ast-featured-img":"","footer-sml-layout":"","theme-transparent-header-meta":"default","adv-header-id-meta":"","stick-header-meta":"","header-above-stick-meta":"","header-main-stick-meta":"","header-below-stick-meta":"","astra-migrate-meta-layouts":"set","ast-page-background-enabled":"default","ast-page-background-meta":{"desktop":{"background-color":"","background-image":"","background-repeat":"repeat","background-position":"center center","background-size":"auto","background-attachment":"scroll","background-type":"","background-media":"","overlay-type":"","overlay-color":"","overlay-opacity":"","overlay-gradient":""},"tablet":{"background-color":"","background-image":"","background-repeat":"repeat","background-position":"center center","background-size":"auto","background-attachment":"scroll","background-type":"","background-media":"","overlay-type":"","overlay-color":"","overlay-opacity":"","overlay-gradient":""},"mobile":{"background-color":"","background-image":"","background-repeat":"repeat","background-position":"center center","background-size":"auto","background-attachment":"scroll","background-type":"","background-media":"","overlay-type":"","overlay-color":"","overlay-opacity":"","overlay-gradient":""}},"ast-content-background-meta":{"desktop":{"background-color":"var(--ast-global-color-5)","background-image":"","background-repeat":"repeat","background-position":"center center","background-size":"auto","background-attachment":"scroll","background-type":"","background-media":"","overlay-type":"","overlay-color":"","overlay-opacity":"","overlay-gradient":""},"tablet":{"background-color":"var(--ast-global-color-5)","background-image":"","background-repeat":"repeat","background-position":"center center","background-size":"auto","background-attachment":"scroll","background-type":"","background-media":"","overlay-type":"","overlay-color":"","overlay-opacity":"","overlay-gradient":""},"mobile":{"background-color":"var(--ast-global-color-5)","background-image":"","background-repeat":"repeat","background-position":"center center","background-size":"auto","background-attachment":"scroll","background-type":"","background-media":"","overlay-type":"","overlay-color":"","overlay-opacity":"","overlay-gradient":""}}},"product_brand":[],"product_cat":[44,32,30],"product_tag":[],"class_list":{"0":"post-5839","1":"product","2":"type-product","3":"status-publish","4":"has-post-thumbnail","6":"product_cat-all-products","7":"product_cat-cds","8":"product_cat-t-shirts","9":"desktop-align-center","10":"tablet-align-center","11":"mobile-align-center","13":"first","14":"instock","15":"sale","16":"shipping-taxable","17":"purchasable","18":"product-type-variable"},"uagb_featured_image_src":{"full":["https:\/\/shop.deathreapers.com\/wp-content\/uploads\/2025\/03\/koszulka-tfc-cd-1.png",1500,1500,false],"thumbnail":["https:\/\/shop.deathreapers.com\/wp-content\/uploads\/2025\/03\/koszulka-tfc-cd-1-150x150.png",150,150,true],"medium":["https:\/\/shop.deathreapers.com\/wp-content\/uploads\/2025\/03\/koszulka-tfc-cd-1-300x300.png",300,300,true],"medium_large":["https:\/\/shop.deathreapers.com\/wp-content\/uploads\/2025\/03\/koszulka-tfc-cd-1-768x768.png",768,768,true],"large":["https:\/\/shop.deathreapers.com\/wp-content\/uploads\/2025\/03\/koszulka-tfc-cd-1-1024x1024.png",1024,1024,true],"1536x1536":["https:\/\/shop.deathreapers.com\/wp-content\/uploads\/2025\/03\/koszulka-tfc-cd-1.png",1500,1500,false],"2048x2048":["https:\/\/shop.deathreapers.com\/wp-content\/uploads\/2025\/03\/koszulka-tfc-cd-1.png",1500,1500,false],"trp-custom-language-flag":["https:\/\/shop.deathreapers.com\/wp-content\/uploads\/2025\/03\/koszulka-tfc-cd-1-12x12.png",12,12,true],"woocommerce_thumbnail":["https:\/\/shop.deathreapers.com\/wp-content\/uploads\/2025\/03\/koszulka-tfc-cd-1-300x300.png",300,300,true],"woocommerce_single":["https:\/\/shop.deathreapers.com\/wp-content\/uploads\/2025\/03\/koszulka-tfc-cd-1-600x600.png",600,600,true],"woocommerce_gallery_thumbnail":["https:\/\/shop.deathreapers.com\/wp-content\/uploads\/2025\/03\/koszulka-tfc-cd-1-100x100.png",100,100,true]},"uagb_author_info":{"display_name":"ss_administrator","author_link":"https:\/\/shop.deathreapers.com\/pl\/author\/"},"uagb_comment_info":1,"uagb_excerpt":"The album includes 10 tracks, a booklet with lyrics and photos, and autographs from the band members. This set includes a T-shirt worth 80z\u0142 and a CD worth 40z\u0142, available at a special price of 110z\u0142, valid until the album release date (June 13, 2025)! Material: 100% cotton Weight: 190 g\/m\u00b2 Washing instructions: To maintain&hellip;","jetpack_sharing_enabled":true,"_links":{"self":[{"href":"https:\/\/shop.deathreapers.com\/pl\/wp-json\/wp\/v2\/product\/5839","targetHints":{"allow":["GET"]}}],"collection":[{"href":"https:\/\/shop.deathreapers.com\/pl\/wp-json\/wp\/v2\/product"}],"about":[{"href":"https:\/\/shop.deathreapers.com\/pl\/wp-json\/wp\/v2\/types\/product"}],"replies":[{"embeddable":true,"href":"https:\/\/shop.deathreapers.com\/pl\/wp-json\/wp\/v2\/comments?post=5839"}],"wp:featuredmedia":[{"embeddable":true,"href":"https:\/\/shop.deathreapers.com\/pl\/wp-json\/wp\/v2\/media\/5992"}],"wp:attachment":[{"href":"https:\/\/shop.deathreapers.com\/pl\/wp-json\/wp\/v2\/media?parent=5839"}],"wp:term":[{"taxonomy":"product_brand","embeddable":true,"href":"https:\/\/shop.deathreapers.com\/pl\/wp-json\/wp\/v2\/product_brand?post=5839"},{"taxonomy":"product_cat","embeddable":true,"href":"https:\/\/shop.deathreapers.com\/pl\/wp-json\/wp\/v2\/product_cat?post=5839"},{"taxonomy":"product_tag","embeddable":true,"href":"https:\/\/shop.deathreapers.com\/pl\/wp-json\/wp\/v2\/product_tag?post=5839"}],"curies":[{"name":"wp","href":"https:\/\/api.w.org\/{rel}","templated":true}]}}