{"id":5883,"date":"2025-03-06T14:17:57","date_gmt":"2025-03-06T14:17:57","guid":{"rendered":"https:\/\/deathreapers.com\/?post_type=product&#038;p=5883"},"modified":"2026-04-06T11:14:23","modified_gmt":"2026-04-06T11:14:23","slug":"cd-thirst","status":"publish","type":"product","link":"https:\/\/shop.deathreapers.com\/pl\/produkt\/cd-thirst\/","title":{"rendered":"Death Reapers &#8211; Thirst For Chaos CD"},"content":{"rendered":"<p>P\u0142yta zawiera 10 utwor\u00f3w, ksi\u0105\u017ceczk\u0119 z tekstami oraz zdj\u0119ciami, oraz autografy cz\u0142onk\u00f3w zespo\u0142u.<\/p>","protected":false},"excerpt":{"rendered":"<p>P\u0142yta zawiera 10 utwor\u00f3w, ksi\u0105\u017ceczk\u0119 z tekstami oraz zdj\u0119ciami, oraz autografy cz\u0142onk\u00f3w zespo\u0142u.<\/p>","protected":false},"featured_media":5836,"comment_status":"open","ping_status":"closed","template":"","meta":{"_uag_custom_page_level_css":"","site-sidebar-layout":"default","site-content-layout":"","ast-site-content-layout":"default","site-content-style":"default","site-sidebar-style":"default","ast-global-header-display":"","ast-banner-title-visibility":"","ast-main-header-display":"","ast-hfb-above-header-display":"","ast-hfb-below-header-display":"","ast-hfb-mobile-header-display":"","site-post-title":"","ast-breadcrumbs-content":"","ast-featured-img":"","footer-sml-layout":"","theme-transparent-header-meta":"default","adv-header-id-meta":"","stick-header-meta":"","header-above-stick-meta":"","header-main-stick-meta":"","header-below-stick-meta":"","astra-migrate-meta-layouts":"set","ast-page-background-enabled":"default","ast-page-background-meta":{"desktop":{"background-color":"","background-image":"","background-repeat":"repeat","background-position":"center center","background-size":"auto","background-attachment":"scroll","background-type":"","background-media":"","overlay-type":"","overlay-color":"","overlay-opacity":"","overlay-gradient":""},"tablet":{"background-color":"","background-image":"","background-repeat":"repeat","background-position":"center center","background-size":"auto","background-attachment":"scroll","background-type":"","background-media":"","overlay-type":"","overlay-color":"","overlay-opacity":"","overlay-gradient":""},"mobile":{"background-color":"","background-image":"","background-repeat":"repeat","background-position":"center center","background-size":"auto","background-attachment":"scroll","background-type":"","background-media":"","overlay-type":"","overlay-color":"","overlay-opacity":"","overlay-gradient":""}},"ast-content-background-meta":{"desktop":{"background-color":"var(--ast-global-color-5)","background-image":"","background-repeat":"repeat","background-position":"center center","background-size":"auto","background-attachment":"scroll","background-type":"","background-media":"","overlay-type":"","overlay-color":"","overlay-opacity":"","overlay-gradient":""},"tablet":{"background-color":"var(--ast-global-color-5)","background-image":"","background-repeat":"repeat","background-position":"center center","background-size":"auto","background-attachment":"scroll","background-type":"","background-media":"","overlay-type":"","overlay-color":"","overlay-opacity":"","overlay-gradient":""},"mobile":{"background-color":"var(--ast-global-color-5)","background-image":"","background-repeat":"repeat","background-position":"center center","background-size":"auto","background-attachment":"scroll","background-type":"","background-media":"","overlay-type":"","overlay-color":"","overlay-opacity":"","overlay-gradient":""}}},"product_brand":[],"product_cat":[44,32],"product_tag":[],"class_list":{"0":"post-5883","1":"product","2":"type-product","3":"status-publish","4":"has-post-thumbnail","6":"product_cat-all-products","7":"product_cat-cds","8":"desktop-align-center","9":"tablet-align-center","10":"mobile-align-center","12":"first","13":"instock","14":"shipping-taxable","15":"purchasable","16":"product-type-variable","17":"has-default-attributes"},"uagb_featured_image_src":{"full":["https:\/\/shop.deathreapers.com\/wp-content\/uploads\/2025\/03\/Thirst-for-Chaos-cover.jpg",2000,1992,false],"thumbnail":["https:\/\/shop.deathreapers.com\/wp-content\/uploads\/2025\/03\/Thirst-for-Chaos-cover-150x150.jpg",150,150,true],"medium":["https:\/\/shop.deathreapers.com\/wp-content\/uploads\/2025\/03\/Thirst-for-Chaos-cover-300x300.jpg",300,300,true],"medium_large":["https:\/\/shop.deathreapers.com\/wp-content\/uploads\/2025\/03\/Thirst-for-Chaos-cover-768x765.jpg",768,765,true],"large":["https:\/\/shop.deathreapers.com\/wp-content\/uploads\/2025\/03\/Thirst-for-Chaos-cover-1024x1020.jpg",1024,1020,true],"1536x1536":["https:\/\/shop.deathreapers.com\/wp-content\/uploads\/2025\/03\/Thirst-for-Chaos-cover-1536x1530.jpg",1536,1530,true],"2048x2048":["https:\/\/shop.deathreapers.com\/wp-content\/uploads\/2025\/03\/Thirst-for-Chaos-cover.jpg",2000,1992,false],"trp-custom-language-flag":["https:\/\/shop.deathreapers.com\/wp-content\/uploads\/2025\/03\/Thirst-for-Chaos-cover-12x12.jpg",12,12,true],"woocommerce_thumbnail":["https:\/\/shop.deathreapers.com\/wp-content\/uploads\/2025\/03\/Thirst-for-Chaos-cover-300x300.jpg",300,300,true],"woocommerce_single":["https:\/\/shop.deathreapers.com\/wp-content\/uploads\/2025\/03\/Thirst-for-Chaos-cover-600x598.jpg",600,598,true],"woocommerce_gallery_thumbnail":["https:\/\/shop.deathreapers.com\/wp-content\/uploads\/2025\/03\/Thirst-for-Chaos-cover-100x100.jpg",100,100,true]},"uagb_author_info":{"display_name":"ss_administrator","author_link":"https:\/\/shop.deathreapers.com\/pl\/author\/"},"uagb_comment_info":4,"uagb_excerpt":"The album includes 10 tracks, a booklet with lyrics and photos, and autographs from the band members.","jetpack_sharing_enabled":true,"_links":{"self":[{"href":"https:\/\/shop.deathreapers.com\/pl\/wp-json\/wp\/v2\/product\/5883","targetHints":{"allow":["GET"]}}],"collection":[{"href":"https:\/\/shop.deathreapers.com\/pl\/wp-json\/wp\/v2\/product"}],"about":[{"href":"https:\/\/shop.deathreapers.com\/pl\/wp-json\/wp\/v2\/types\/product"}],"replies":[{"embeddable":true,"href":"https:\/\/shop.deathreapers.com\/pl\/wp-json\/wp\/v2\/comments?post=5883"}],"wp:featuredmedia":[{"embeddable":true,"href":"https:\/\/shop.deathreapers.com\/pl\/wp-json\/wp\/v2\/media\/5836"}],"wp:attachment":[{"href":"https:\/\/shop.deathreapers.com\/pl\/wp-json\/wp\/v2\/media?parent=5883"}],"wp:term":[{"taxonomy":"product_brand","embeddable":true,"href":"https:\/\/shop.deathreapers.com\/pl\/wp-json\/wp\/v2\/product_brand?post=5883"},{"taxonomy":"product_cat","embeddable":true,"href":"https:\/\/shop.deathreapers.com\/pl\/wp-json\/wp\/v2\/product_cat?post=5883"},{"taxonomy":"product_tag","embeddable":true,"href":"https:\/\/shop.deathreapers.com\/pl\/wp-json\/wp\/v2\/product_tag?post=5883"}],"curies":[{"name":"wp","href":"https:\/\/api.w.org\/{rel}","templated":true}]}}